{"id":3829,"date":"2025-11-03T11:15:16","date_gmt":"2025-11-03T11:15:16","guid":{"rendered":"https:\/\/eve.at\/?page_id=3829"},"modified":"2025-11-03T11:20:53","modified_gmt":"2025-11-03T11:20:53","slug":"datenschutzerklarung","status":"publish","type":"page","link":"https:\/\/eve.at\/index.php\/datenschutzerklarung\/","title":{"rendered":"Datenschutzerkl\u00e4rung"},"content":{"rendered":"\n<h1 class=\"wp-block-heading\"><\/h1>\n\n\n\n<p>Der Schutz Ihrer pers\u00f6nlichen Daten ist uns ein besonderes Anliegen. Wir verarbeiten Ihre Daten daher ausschlie\u00dflich auf Grundlage der gesetzlichen Bestimmungen (DSGVO, TKG 2003). In diesen Datenschutzinformationen informieren wir Sie \u00fcber die wichtigsten Aspekte der Datenverarbeitung im Rahmen dieser Website.<\/p>\n\n\n\n<h2 class=\"wp-block-heading\">Kontakt mit uns<\/h2>\n\n\n\n<p>Wenn Sie per E-Mail (kontakt [\u00e4t] eve.at) oder \u00fcber ein Formular auf der Website Kontakt mit uns aufnehmen, werden Ihre angegebenen Daten zwecks Bearbeitung der Anfrage und f\u00fcr den Fall von Anschlussfragen sechs Monate bei uns gespeichert. Diese Daten geben wir nicht ohne Ihre Einwilligung weiter.<\/p>\n\n\n\n<h2 class=\"wp-block-heading\">Server-Logfiles<\/h2>\n\n\n\n<p>Der Provider der Website erhebt und speichert automatisch Informationen in sogenannten Server-Logfiles, die Ihr Browser automatisch \u00fcbermittelt. Dies sind:<\/p>\n\n\n\n<ul class=\"wp-block-list\">\n<li>Browsertyp und Browserversion<\/li>\n\n\n\n<li>verwendetes Betriebssystem<\/li>\n\n\n\n<li>Referrer URL<\/li>\n\n\n\n<li>Hostname des zugreifenden Rechners<\/li>\n\n\n\n<li>Uhrzeit der Serveranfrage<\/li>\n\n\n\n<li>IP-Adresse (in anonymisierter Form)<\/li>\n<\/ul>\n\n\n\n<p>Diese Daten sind nicht bestimmten Personen zuordenbar. Eine Zusammenf\u00fchrung dieser Daten mit anderen Datenquellen wird nicht vorgenommen. Wir behalten uns vor, diese Daten nachtr\u00e4glich zu pr\u00fcfen, wenn uns konkrete Anhaltspunkte f\u00fcr eine rechtswidrige Nutzung bekannt werden.<\/p>\n\n\n\n<h2 class=\"wp-block-heading\">Cookies<\/h2>\n\n\n\n<p>Unsere Website verwendet Cookies. Einige davon sind essenziell, um die Website funktionsf\u00e4hig zu halten, andere helfen uns, die Nutzung zu analysieren (z. B. durch Google Analytics). Cookies richten auf Ihrem Ger\u00e4t keinen Schaden an und enthalten keine Viren.<\/p>\n\n\n\n<p>Sie k\u00f6nnen Ihre Cookie-Einstellungen jederzeit \u00fcber den eingeblendeten Cookie-Banner anpassen oder in Ihrem Browser so einstellen, dass keine Cookies gespeichert werden. Bei der Deaktivierung kann die Funktionalit\u00e4t unserer Website eingeschr\u00e4nkt sein.<\/p>\n\n\n\n<h2 class=\"wp-block-heading\">Webanalyse mit Google Analytics (4)<\/h2>\n\n\n\n<p>Diese Website benutzt Google Analytics, einen Webanalysedienst der Google Ireland Limited (\u201eGoogle\u201c). Die Verarbeitung der Daten erfolgt auf Grundlage Ihrer Einwilligung gem\u00e4\u00df Art. 6 Abs. 1 lit. a DSGVO.<\/p>\n\n\n\n<p>Google Analytics verwendet Cookies, die eine Analyse der Benutzung der Website erm\u00f6glichen. Die dadurch erzeugten Informationen \u00fcber Ihre Benutzung dieser Website werden in der Regel an einen Server von Google in den USA \u00fcbertragen und dort gespeichert. Wir haben die IP-Anonymisierung aktiviert, sodass Ihre IP-Adresse von Google innerhalb der Mitgliedstaaten der EU oder anderer Vertragsstaaten des Abkommens \u00fcber den Europ\u00e4ischen Wirtschaftsraum zuvor gek\u00fcrzt wird. Nur in Ausnahmef\u00e4llen wird die volle IP-Adresse an einen Server von Google in die USA \u00fcbertragen und dort gek\u00fcrzt.<\/p>\n\n\n\n<p>Im Auftrag des Betreibers dieser Website wird Google diese Informationen verwenden, um Ihre Nutzung der Website auszuwerten, Reports \u00fcber die Website-Aktivit\u00e4ten zusammenzustellen und um weitere mit der Website-Nutzung und der Internetnutzung verbundene Dienstleistungen gegen\u00fcber dem Website-Betreiber zu erbringen.<\/p>\n\n\n\n<p>Die von Ihrem Browser im Rahmen von Google Analytics \u00fcbermittelte IP-Adresse wird nicht mit anderen Daten von Google zusammengef\u00fchrt. Sie k\u00f6nnen die Speicherung der Cookies durch eine entsprechende Einstellung Ihrer Browser-Software verhindern; wir weisen jedoch darauf hin, dass Sie in diesem Fall gegebenenfalls nicht s\u00e4mtliche Funktionen dieser Website vollumf\u00e4nglich nutzen k\u00f6nnen.<\/p>\n\n\n\n<p>Dar\u00fcber hinaus k\u00f6nnen Sie die Erfassung der durch das Cookie erzeugten und auf Ihre Nutzung der Website bezogenen Daten sowie die Verarbeitung dieser Daten durch Google verhindern, indem Sie das unter folgendem Link verf\u00fcgbare Browser-Plugin herunterladen und installieren:<br><a href=\"https:\/\/tools.google.com\/dlpage\/gaoptout?hl=de\" target=\"_blank\" rel=\"noreferrer noopener\">https:\/\/tools.google.com\/dlpage\/gaoptout?hl=de<\/a><\/p>\n\n\n\n<p>Weitere Informationen zur Datenverarbeitung durch Google finden Sie in der Datenschutzerkl\u00e4rung von Google unter:<br><a href=\"https:\/\/policies.google.com\/privacy?hl=de\" target=\"_blank\" rel=\"noreferrer noopener\">https:\/\/policies.google.com\/privacy?hl=de<\/a><\/p>\n\n\n\n<h2 class=\"wp-block-heading\">Ihre Rechte<\/h2>\n\n\n\n<p>Ihnen stehen grunds\u00e4tzlich die Rechte auf Auskunft, Berichtigung, L\u00f6schung, Einschr\u00e4nkung, Daten\u00fcbertragbarkeit, Widerruf und Widerspruch zu. Wenn Sie glauben, dass die Verarbeitung Ihrer Daten gegen das Datenschutzrecht verst\u00f6\u00dft oder Ihre datenschutzrechtlichen Anspr\u00fcche sonst in einer Weise verletzt worden sind, k\u00f6nnen Sie sich bei der Aufsichtsbeh\u00f6rde beschweren. In \u00d6sterreich ist dies die <a href=\"https:\/\/www.dsb.gv.at\/\" target=\"_blank\" rel=\"noreferrer noopener\">Datenschutzbeh\u00f6rde<\/a>.<\/p>\n\n\n\n<h2 class=\"wp-block-heading\">Kontakt zum Verantwortlichen<\/h2>\n\n\n\n<p>Verantwortlich f\u00fcr die Datenverarbeitung auf dieser Website:<br><strong>Pittner Michael Bernd<\/strong><br>Rechbauerstra\u00dfe 15, T\u00fcr OG1-B<br>8010 Graz, \u00d6sterreich<br>E-Mail: privacy [\u00e4t] eve.at<\/p>\n\n\n\n<h2 class=\"wp-block-heading\">\u00c4nderungen dieser Datenschutzerkl\u00e4rung<\/h2>\n\n\n\n<p>Wir behalten uns vor, diese Datenschutzerkl\u00e4rung gelegentlich anzupassen, damit sie stets den aktuellen rechtlichen Anforderungen entspricht oder um \u00c4nderungen unserer Leistungen in der Datenschutzerkl\u00e4rung umzusetzen. F\u00fcr Ihren erneuten Besuch gilt dann die neue Datenschutzerkl\u00e4rung.<\/p>\n\n\n\n<p>Stand: November 2025<\/p>\n\n\n\n<p><\/p>\n","protected":false},"excerpt":{"rendered":"<p>Der Schutz Ihrer pers\u00f6nlichen Daten ist uns ein besonderes Anliegen.<\/p>\n<div class=\"read-more-wrapper\"><a class=\"more-link read-more-link\" href=\"https:\/\/eve.at\/index.php\/datenschutzerklarung\/\">Read More<\/a><\/div>\n","protected":false},"author":1,"featured_media":0,"parent":0,"menu_order":0,"comment_status":"closed","ping_status":"closed","template":"","meta":{"_monsterinsights_skip_tracking":false,"_monsterinsights_sitenote_active":false,"_monsterinsights_sitenote_note":"","_monsterinsights_sitenote_category":0,"footnotes":""},"class_list":["post-3829","page","type-page","status-publish","hentry"],"aioseo_notices":[],"_links":{"self":[{"href":"https:\/\/eve.at\/index.php\/wp-json\/wp\/v2\/pages\/3829","targetHints":{"allow":["GET"]}}],"collection":[{"href":"https:\/\/eve.at\/index.php\/wp-json\/wp\/v2\/pages"}],"about":[{"href":"https:\/\/eve.at\/index.php\/wp-json\/wp\/v2\/types\/page"}],"author":[{"embeddable":true,"href":"https:\/\/eve.at\/index.php\/wp-json\/wp\/v2\/users\/1"}],"replies":[{"embeddable":true,"href":"https:\/\/eve.at\/index.php\/wp-json\/wp\/v2\/comments?post=3829"}],"version-history":[{"count":3,"href":"https:\/\/eve.at\/index.php\/wp-json\/wp\/v2\/pages\/3829\/revisions"}],"predecessor-version":[{"id":3836,"href":"https:\/\/eve.at\/index.php\/wp-json\/wp\/v2\/pages\/3829\/revisions\/3836"}],"wp:attachment":[{"href":"https:\/\/eve.at\/index.php\/wp-json\/wp\/v2\/media?parent=3829"}],"curies":[{"name":"wp","href":"https:\/\/api.w.org\/{rel}","templated":true}]}}