{"id":3826,"date":"2025-11-03T11:13:47","date_gmt":"2025-11-03T11:13:47","guid":{"rendered":"https:\/\/eve.at\/?page_id=3826"},"modified":"2025-11-03T11:13:59","modified_gmt":"2025-11-03T11:13:59","slug":"impressum","status":"publish","type":"page","link":"https:\/\/eve.at\/index.php\/impressum\/","title":{"rendered":"Impressum"},"content":{"rendered":"\n<h3 class=\"wp-block-heading\">Angaben gem\u00e4\u00df \u00a7 5 ECG<\/h3>\n\n\n\n<p><strong>Unternehmensbezeichnung:<\/strong><br>Pittner Michael Bernd<br>Einzelunternehmen<\/p>\n\n\n\n<p><strong>Unternehmensgegenstand:<\/strong><br>Dienstleistungen in der automatischen Datenverarbeitung und Informationstechnik<\/p>\n\n\n\n<p><strong>Inhaber:<\/strong><br>Michael Bernd Pittner<\/p>\n\n\n\n<p><strong>Adresse:<\/strong><br>Rechbauerstra\u00dfe 15, T\u00fcr OG1-B<br>8010 Graz<br>\u00d6sterreich<\/p>\n\n\n\n<p><strong>Kontakt:<\/strong><br>E-Mail: contact [\u00e4t] eve.at<\/p>\n\n\n\n<p><strong>UID-Nummer:<\/strong><br>ATU69294916<\/p>\n\n\n\n<p><strong>GISA-Zahl:<\/strong><br>19333137<\/p>\n\n\n\n<p><strong>Gewerbebeh\u00f6rde:<\/strong><br>Magistrat der Stadt Graz<\/p>\n\n\n\n<p><strong>Mitgliedschaften:<\/strong><br>Mitglied der Wirtschaftskammer \u00d6sterreich (WKO), Fachgruppe Unternehmensberatung, Buchhaltung und Informationstechnologie (UBIT), Landesorganisation Steiermark<\/p>\n\n\n\n<h2 class=\"wp-block-heading\">Berufsrechtliche Vorschriften<\/h2>\n\n\n\n<p>Es gelten die Bestimmungen der Gewerbeordnung 1994 (GewO).<br>Abrufbar unter: <a href=\"https:\/\/www.ris.bka.gv.at\" target=\"_blank\" rel=\"noreferrer noopener\">www.ris.bka.gv.at<\/a><\/p>\n\n\n\n<h2 class=\"wp-block-heading\">Blattlinie \/ Zweck der Website<\/h2>\n\n\n\n<p>Diese Website dient der Information \u00fcber das Unternehmen Pittner Michael Bernd sowie \u00fcber die angebotene Personalverwaltungssoftware \u201eEVE\u201c und damit verbundene Dienstleistungen.<\/p>\n\n\n\n<h2 class=\"wp-block-heading\">Haftung f\u00fcr Inhalte und Links<\/h2>\n\n\n\n<p>Alle Inhalte dieser Website wurden mit gr\u00f6\u00dfter Sorgfalt erstellt. F\u00fcr die Richtigkeit, Vollst\u00e4ndigkeit und Aktualit\u00e4t der Inhalte wird dennoch keine Haftung \u00fcbernommen. Trotz sorgf\u00e4ltiger Kontrolle wird keine Haftung f\u00fcr externe Links \u00fcbernommen. F\u00fcr den Inhalt der verlinkten Seiten sind ausschlie\u00dflich deren Betreiber verantwortlich.<\/p>\n\n\n\n<h2 class=\"wp-block-heading\">Urheberrecht<\/h2>\n\n\n\n<p>Die auf dieser Website ver\u00f6ffentlichten Inhalte und Werke unterliegen dem Urheberrecht. Jede Nutzung au\u00dferhalb der Grenzen des Urheberrechts bedarf der vorherigen schriftlichen Zustimmung des Rechteinhabers.<\/p>\n","protected":false},"excerpt":{"rendered":"<p>Angaben gem\u00e4\u00df \u00a7 5 ECG Unternehmensbezeichnung:Pittner Michael BerndEinzelunternehmen Unternehmensgegenstand:Dienstleistungen in<\/p>\n<div class=\"read-more-wrapper\"><a class=\"more-link read-more-link\" href=\"https:\/\/eve.at\/index.php\/impressum\/\">Read More<\/a><\/div>\n","protected":false},"author":1,"featured_media":0,"parent":0,"menu_order":0,"comment_status":"closed","ping_status":"closed","template":"","meta":{"_monsterinsights_skip_tracking":false,"_monsterinsights_sitenote_active":false,"_monsterinsights_sitenote_note":"","_monsterinsights_sitenote_category":0,"footnotes":""},"class_list":["post-3826","page","type-page","status-publish","hentry"],"aioseo_notices":[],"_links":{"self":[{"href":"https:\/\/eve.at\/index.php\/wp-json\/wp\/v2\/pages\/3826","targetHints":{"allow":["GET"]}}],"collection":[{"href":"https:\/\/eve.at\/index.php\/wp-json\/wp\/v2\/pages"}],"about":[{"href":"https:\/\/eve.at\/index.php\/wp-json\/wp\/v2\/types\/page"}],"author":[{"embeddable":true,"href":"https:\/\/eve.at\/index.php\/wp-json\/wp\/v2\/users\/1"}],"replies":[{"embeddable":true,"href":"https:\/\/eve.at\/index.php\/wp-json\/wp\/v2\/comments?post=3826"}],"version-history":[{"count":2,"href":"https:\/\/eve.at\/index.php\/wp-json\/wp\/v2\/pages\/3826\/revisions"}],"predecessor-version":[{"id":3828,"href":"https:\/\/eve.at\/index.php\/wp-json\/wp\/v2\/pages\/3826\/revisions\/3828"}],"wp:attachment":[{"href":"https:\/\/eve.at\/index.php\/wp-json\/wp\/v2\/media?parent=3826"}],"curies":[{"name":"wp","href":"https:\/\/api.w.org\/{rel}","templated":true}]}}